{"id":126,"date":"2023-06-26T12:31:13","date_gmt":"2023-06-26T11:31:13","guid":{"rendered":"https:\/\/scootnomad.fr\/?page_id=126"},"modified":"2023-08-17T11:07:59","modified_gmt":"2023-08-17T10:07:59","slug":"actualites","status":"publish","type":"page","link":"https:\/\/scootnomad.fr\/?page_id=126","title":{"rendered":"Actualit\u00e9s"},"content":{"rendered":"<div class=\"wp-block-image\">\n<figure class=\"aligncenter size-full\"><img loading=\"lazy\" decoding=\"async\" width=\"801\" height=\"375\" src=\"https:\/\/scootnomad.fr\/wp-content\/uploads\/2023\/08\/Camille-Zelisko.png\" alt=\"\" class=\"wp-image-248\" srcset=\"https:\/\/scootnomad.fr\/wp-content\/uploads\/2023\/08\/Camille-Zelisko.png 801w, https:\/\/scootnomad.fr\/wp-content\/uploads\/2023\/08\/Camille-Zelisko-300x140.png 300w, https:\/\/scootnomad.fr\/wp-content\/uploads\/2023\/08\/Camille-Zelisko-768x360.png 768w\" sizes=\"auto, (max-width: 801px) 100vw, 801px\" \/><\/figure>\n<\/div>\n\n<div class=\"wp-block-image\">\n<figure class=\"aligncenter size-full\"><img loading=\"lazy\" decoding=\"async\" width=\"790\" height=\"375\" src=\"https:\/\/scootnomad.fr\/wp-content\/uploads\/2023\/08\/avispierredugue.png\" alt=\"\" class=\"wp-image-241\" srcset=\"https:\/\/scootnomad.fr\/wp-content\/uploads\/2023\/08\/avispierredugue.png 790w, https:\/\/scootnomad.fr\/wp-content\/uploads\/2023\/08\/avispierredugue-300x142.png 300w, https:\/\/scootnomad.fr\/wp-content\/uploads\/2023\/08\/avispierredugue-768x365.png 768w\" sizes=\"auto, (max-width: 790px) 100vw, 790px\" \/><\/figure>\n<\/div>\n\n<div class=\"wp-block-image\">\n<figure class=\"aligncenter size-full\"><img loading=\"lazy\" decoding=\"async\" width=\"754\" height=\"282\" src=\"https:\/\/scootnomad.fr\/wp-content\/uploads\/2023\/08\/avislorinnevincent.png\" alt=\"\" class=\"wp-image-240\" srcset=\"https:\/\/scootnomad.fr\/wp-content\/uploads\/2023\/08\/avislorinnevincent.png 754w, https:\/\/scootnomad.fr\/wp-content\/uploads\/2023\/08\/avislorinnevincent-300x112.png 300w\" sizes=\"auto, (max-width: 754px) 100vw, 754px\" \/><\/figure>\n<\/div>\n\n<div class=\"wp-block-image\">\n<figure class=\"aligncenter size-full\"><img loading=\"lazy\" decoding=\"async\" width=\"760\" height=\"245\" src=\"https:\/\/scootnomad.fr\/wp-content\/uploads\/2023\/08\/aviscelinefelten.png\" alt=\"\" class=\"wp-image-239\" srcset=\"https:\/\/scootnomad.fr\/wp-content\/uploads\/2023\/08\/aviscelinefelten.png 760w, https:\/\/scootnomad.fr\/wp-content\/uploads\/2023\/08\/aviscelinefelten-300x97.png 300w\" sizes=\"auto, (max-width: 760px) 100vw, 760px\" \/><\/figure>\n<\/div>\n\n\n<div class=\"wp-block-media-text alignwide is-stacked-on-mobile\" style=\"grid-template-columns:23% auto\"><figure class=\"wp-block-media-text__media\"><img loading=\"lazy\" decoding=\"async\" width=\"642\" height=\"1024\" src=\"https:\/\/scootnomad.fr\/wp-content\/uploads\/2023\/06\/IMG_7852-1-642x1024.jpg\" alt=\"\" class=\"wp-image-168 size-full\" srcset=\"https:\/\/scootnomad.fr\/wp-content\/uploads\/2023\/06\/IMG_7852-1-642x1024.jpg 642w, https:\/\/scootnomad.fr\/wp-content\/uploads\/2023\/06\/IMG_7852-1-188x300.jpg 188w, https:\/\/scootnomad.fr\/wp-content\/uploads\/2023\/06\/IMG_7852-1-768x1225.jpg 768w, https:\/\/scootnomad.fr\/wp-content\/uploads\/2023\/06\/IMG_7852-1.jpg 828w\" sizes=\"auto, (max-width: 642px) 100vw, 642px\" \/><\/figure><div class=\"wp-block-media-text__content\">\n<p><em>Petite balade en soir\u00e9e pour notre premi\u00e8re cliente !!!<\/em><\/p>\n<\/div><\/div>\n\n\n\n<div class=\"wp-block-media-text alignwide has-media-on-the-right is-stacked-on-mobile\"><div class=\"wp-block-media-text__content\">\n<p><em>Petite visite chez ScootNomad dans la Drome<\/em><\/p>\n<\/div><figure class=\"wp-block-media-text__media\"><img loading=\"lazy\" decoding=\"async\" width=\"1024\" height=\"683\" src=\"https:\/\/scootnomad.fr\/wp-content\/uploads\/2023\/06\/0S4A8017-1-1024x683.jpg\" alt=\"\" class=\"wp-image-63 size-full\" srcset=\"https:\/\/scootnomad.fr\/wp-content\/uploads\/2023\/06\/0S4A8017-1-1024x683.jpg 1024w, https:\/\/scootnomad.fr\/wp-content\/uploads\/2023\/06\/0S4A8017-1-300x200.jpg 300w, https:\/\/scootnomad.fr\/wp-content\/uploads\/2023\/06\/0S4A8017-1-768x512.jpg 768w, https:\/\/scootnomad.fr\/wp-content\/uploads\/2023\/06\/0S4A8017-1-1536x1024.jpg 1536w, https:\/\/scootnomad.fr\/wp-content\/uploads\/2023\/06\/0S4A8017-1-1568x1045.jpg 1568w, https:\/\/scootnomad.fr\/wp-content\/uploads\/2023\/06\/0S4A8017-1.jpg 1941w\" sizes=\"auto, (max-width: 1024px) 100vw, 1024px\" \/><\/figure><\/div>\n\n\n\n<div class=\"wp-block-media-text alignwide is-stacked-on-mobile\"><figure class=\"wp-block-media-text__media\"><img loading=\"lazy\" decoding=\"async\" width=\"1024\" height=\"768\" src=\"https:\/\/scootnomad.fr\/wp-content\/uploads\/2023\/06\/70697471459__2DD25A55-D8BE-4581-B504-83F9643EE6C4-1024x768.jpg\" alt=\"\" class=\"wp-image-67 size-full\" srcset=\"https:\/\/scootnomad.fr\/wp-content\/uploads\/2023\/06\/70697471459__2DD25A55-D8BE-4581-B504-83F9643EE6C4-1024x768.jpg 1024w, https:\/\/scootnomad.fr\/wp-content\/uploads\/2023\/06\/70697471459__2DD25A55-D8BE-4581-B504-83F9643EE6C4-300x225.jpg 300w, https:\/\/scootnomad.fr\/wp-content\/uploads\/2023\/06\/70697471459__2DD25A55-D8BE-4581-B504-83F9643EE6C4-768x576.jpg 768w, https:\/\/scootnomad.fr\/wp-content\/uploads\/2023\/06\/70697471459__2DD25A55-D8BE-4581-B504-83F9643EE6C4-1536x1152.jpg 1536w, https:\/\/scootnomad.fr\/wp-content\/uploads\/2023\/06\/70697471459__2DD25A55-D8BE-4581-B504-83F9643EE6C4-2048x1536.jpg 2048w, https:\/\/scootnomad.fr\/wp-content\/uploads\/2023\/06\/70697471459__2DD25A55-D8BE-4581-B504-83F9643EE6C4-1568x1176.jpg 1568w\" sizes=\"auto, (max-width: 1024px) 100vw, 1024px\" \/><\/figure><div class=\"wp-block-media-text__content\">\n<p><em>Sortie au pied du ch\u00e2teau de malbrouck, et petit arr\u00eat au relais Manderen<\/em><\/p>\n<\/div><\/div>\n\n\n\n<div class=\"wp-block-media-text alignwide has-media-on-the-right is-stacked-on-mobile\" style=\"grid-template-columns:auto 35%\"><div class=\"wp-block-media-text__content\">\n<p><em>Ch\u00e2teau de MALBROUCK<\/em><\/p>\n<\/div><figure class=\"wp-block-media-text__media\"><img loading=\"lazy\" decoding=\"async\" width=\"768\" height=\"1024\" src=\"https:\/\/scootnomad.fr\/wp-content\/uploads\/2023\/06\/IMG_7895-2-768x1024.jpg\" alt=\"\" class=\"wp-image-171 size-full\" srcset=\"https:\/\/scootnomad.fr\/wp-content\/uploads\/2023\/06\/IMG_7895-2-768x1024.jpg 768w, https:\/\/scootnomad.fr\/wp-content\/uploads\/2023\/06\/IMG_7895-2-225x300.jpg 225w, https:\/\/scootnomad.fr\/wp-content\/uploads\/2023\/06\/IMG_7895-2-1152x1536.jpg 1152w, https:\/\/scootnomad.fr\/wp-content\/uploads\/2023\/06\/IMG_7895-2-1536x2048.jpg 1536w, https:\/\/scootnomad.fr\/wp-content\/uploads\/2023\/06\/IMG_7895-2-scaled.jpg 1920w\" sizes=\"auto, (max-width: 768px) 100vw, 768px\" \/><\/figure><\/div>\n\n\n\n<div class=\"wp-block-media-text alignwide is-stacked-on-mobile\"><figure class=\"wp-block-media-text__media\"><img loading=\"lazy\" decoding=\"async\" width=\"768\" height=\"1024\" src=\"https:\/\/scootnomad.fr\/wp-content\/uploads\/2023\/06\/IMG_7873-1-768x1024.jpg\" alt=\"\" class=\"wp-image-75 size-full\" srcset=\"https:\/\/scootnomad.fr\/wp-content\/uploads\/2023\/06\/IMG_7873-1-768x1024.jpg 768w, https:\/\/scootnomad.fr\/wp-content\/uploads\/2023\/06\/IMG_7873-1-225x300.jpg 225w, https:\/\/scootnomad.fr\/wp-content\/uploads\/2023\/06\/IMG_7873-1-1152x1536.jpg 1152w, https:\/\/scootnomad.fr\/wp-content\/uploads\/2023\/06\/IMG_7873-1-1536x2048.jpg 1536w, https:\/\/scootnomad.fr\/wp-content\/uploads\/2023\/06\/IMG_7873-1-1568x2091.jpg 1568w, https:\/\/scootnomad.fr\/wp-content\/uploads\/2023\/06\/IMG_7873-1-scaled.jpg 1920w\" sizes=\"auto, (max-width: 768px) 100vw, 768px\" \/><\/figure><div class=\"wp-block-media-text__content\">\n<p><em>Ch\u00e2teau de Preisch<\/em><\/p>\n<\/div><\/div>\n\n\n\n<div class=\"wp-block-media-text alignwide has-media-on-the-right is-stacked-on-mobile\"><div class=\"wp-block-media-text__content\">\n<p><em>La cit\u00e9 m\u00e9di\u00e9vale de Rodemack<\/em><\/p>\n<\/div><figure class=\"wp-block-media-text__media\"><img loading=\"lazy\" decoding=\"async\" width=\"540\" height=\"540\" src=\"https:\/\/scootnomad.fr\/wp-content\/uploads\/2023\/06\/6AECC7F1-7416-44BF-B7BB-6AD019EE837F.jpeg\" alt=\"\" class=\"wp-image-40 size-full\" srcset=\"https:\/\/scootnomad.fr\/wp-content\/uploads\/2023\/06\/6AECC7F1-7416-44BF-B7BB-6AD019EE837F.jpeg 540w, https:\/\/scootnomad.fr\/wp-content\/uploads\/2023\/06\/6AECC7F1-7416-44BF-B7BB-6AD019EE837F-300x300.jpeg 300w, https:\/\/scootnomad.fr\/wp-content\/uploads\/2023\/06\/6AECC7F1-7416-44BF-B7BB-6AD019EE837F-150x150.jpeg 150w\" sizes=\"auto, (max-width: 540px) 100vw, 540px\" \/><\/figure><\/div>\n","protected":false},"excerpt":{"rendered":"<p>Petite balade en soir\u00e9e pour notre premi\u00e8re cliente !!! Petite visite chez ScootNomad dans la Drome Sortie au pied du ch\u00e2teau de malbrouck, et petit arr\u00eat au relais Manderen Ch\u00e2teau de MALBROUCK Ch\u00e2teau de Preisch La cit\u00e9 m\u00e9di\u00e9vale de Rodemack<\/p>\n","protected":false},"author":2,"featured_media":0,"parent":0,"menu_order":0,"comment_status":"closed","ping_status":"closed","template":"page-templates\/template-pagebuilder-full-width.php","meta":{"neve_meta_sidebar":"","neve_meta_container":"","neve_meta_enable_content_width":"","neve_meta_content_width":0,"neve_meta_title_alignment":"","neve_meta_author_avatar":"","neve_post_elements_order":"","neve_meta_disable_header":"","neve_meta_disable_footer":"","neve_meta_disable_title":"","footnotes":""},"class_list":["post-126","page","type-page","status-publish","hentry"],"_links":{"self":[{"href":"https:\/\/scootnomad.fr\/index.php?rest_route=\/wp\/v2\/pages\/126","targetHints":{"allow":["GET"]}}],"collection":[{"href":"https:\/\/scootnomad.fr\/index.php?rest_route=\/wp\/v2\/pages"}],"about":[{"href":"https:\/\/scootnomad.fr\/index.php?rest_route=\/wp\/v2\/types\/page"}],"author":[{"embeddable":true,"href":"https:\/\/scootnomad.fr\/index.php?rest_route=\/wp\/v2\/users\/2"}],"replies":[{"embeddable":true,"href":"https:\/\/scootnomad.fr\/index.php?rest_route=%2Fwp%2Fv2%2Fcomments&post=126"}],"version-history":[{"count":10,"href":"https:\/\/scootnomad.fr\/index.php?rest_route=\/wp\/v2\/pages\/126\/revisions"}],"predecessor-version":[{"id":249,"href":"https:\/\/scootnomad.fr\/index.php?rest_route=\/wp\/v2\/pages\/126\/revisions\/249"}],"wp:attachment":[{"href":"https:\/\/scootnomad.fr\/index.php?rest_route=%2Fwp%2Fv2%2Fmedia&parent=126"}],"curies":[{"name":"wp","href":"https:\/\/api.w.org\/{rel}","templated":true}]}}