{"id":8,"date":"2023-06-20T21:19:27","date_gmt":"2023-06-20T20:19:27","guid":{"rendered":"https:\/\/scootnomad.fr\/?page_id=8"},"modified":"2023-06-29T20:15:00","modified_gmt":"2023-06-29T19:15:00","slug":"explorer-la-moselle-en-scooter","status":"publish","type":"page","link":"https:\/\/scootnomad.fr\/","title":{"rendered":"ScootNomad"},"content":{"rendered":"\n<h4 class=\"wp-block-heading\">Scoot&rsquo;Nomad est bien plus qu&rsquo;un simple<br>loueur de Scooters ELECTRIQUES&nbsp; en Moselle (06.99.93.29.81)<br>c&rsquo;est surtout :<\/h4>\n\n\n<div class=\"wp-block-image\">\n<figure class=\"aligncenter size-full\"><img loading=\"lazy\" decoding=\"async\" width=\"580\" height=\"324\" src=\"https:\/\/scootnomad.fr\/wp-content\/uploads\/2023\/06\/concept-2.png\" alt=\"\" class=\"wp-image-199\" srcset=\"https:\/\/scootnomad.fr\/wp-content\/uploads\/2023\/06\/concept-2.png 580w, https:\/\/scootnomad.fr\/wp-content\/uploads\/2023\/06\/concept-2-300x168.png 300w\" sizes=\"auto, (max-width: 580px) 100vw, 580px\" \/><\/figure>\n<\/div>\n\n\n<p>&#8230; \u00e0 partir de 40\u20ac.<em><br><\/em><\/p>\n\n\n\n<figure class=\"wp-block-embed aligncenter is-type-video is-provider-youtube wp-block-embed-youtube wp-embed-aspect-16-9 wp-has-aspect-ratio\"><div class=\"wp-block-embed__wrapper\">\n<div class=\"nv-iframe-embed\"><iframe loading=\"lazy\" title=\"SCOOTer NOMAD balade en scooter tourisme insolite drome video de joris d&#039;hooge 2017\" width=\"1200\" height=\"675\" src=\"https:\/\/www.youtube.com\/embed\/Ycx0OfcVR7c?feature=oembed\" frameborder=\"0\" allow=\"accelerometer; autoplay; clipboard-write; encrypted-media; gyroscope; picture-in-picture; web-share\" allowfullscreen><\/iframe><\/div>\n<\/div><\/figure>\n\n\n\n<p><\/p>\n\n\n\n<p>Vous retrouverez les sensations de libert\u00e9 que nos grands-parents ont connu dans les ann\u00e9es 50 ou nos parents dans les sixties gr\u00e2ce au 2 roues et au scooter en particulier.<br>Le plaisir d\u2019une balade en \u00ab MOB\u00bb et avec tous vos sens en alerte.<\/p>\n\n\n\n<p>Le kilom\u00e9trage oscille entre 60kms et 100kms par jours suivant le parcours, Vous pourrez ainsi red\u00e9couvrir les bienfaits du \u00abbaguenaudage\u00bb et du nomadisme !!<\/p>\n\n\n\n<h5 class=\"wp-block-heading\">Alors venez FLANER avec nous, RESPIRER et APPR\u00c9CIER<em> le plaisir d\u2019une libert\u00e9 retrouv\u00e9e.<\/em><\/h5>\n\n\n\n<h3 class=\"wp-block-heading\">Informations pratiques<\/h3>\n\n\n\n<ul class=\"wp-block-list\">\n<li>Ouvert toute la semaine et sur les beaux jours de Mars \u00e0 Octobre et plus si le soleil reste au RDV.<\/li>\n\n\n\n<li>Une journ\u00e9e de location type :<br>D\u00e9part en balade possible \u00e0 partir de 9h (mais sur RDV) pour un retour avant 19h (les horaires sont \u00e0 convenir ensemble).<\/li>\n\n\n\n<li>D\u00e9part de BOUST.<\/li>\n\n\n\n<li>Balades en boucle<\/li>\n\n\n\n<li>Mais aussi des balades en itin\u00e9rance car nous nous chargeons de trouver vos h\u00e9bergements en fonction de vos d\u00e9sirs et de votre budjet.<\/li>\n\n\n\n<li>Pensez \u00e0 apporter :\n<ul class=\"wp-block-list\">\n<li>800\u20ac de caution par v\u00e9hicule lou\u00e9,<\/li>\n\n\n\n<li>votre permis de conduire et sa photocopie PAPIER recto\/verso,enti\u00e8re et lisible.<br><\/li>\n\n\n\n<li>le justificatif n\u00e9cessaire \u00e0 la location si besoin,<br>(voir \u00ab Quel permis pour quel scooter ? \u00bb)<\/li>\n\n\n\n<li>une pi\u00e8ce d\u2019identit\u00e9 et sa photocopie PAPIER.<\/li>\n\n\n\n<li>une paire de gant perso si vous pr\u00e9f\u00e9rez.<\/li>\n\n\n\n<li>votre casque perso si vous pr\u00e9f\u00e9rez.<\/li>\n<\/ul>\n<\/li>\n\n\n\n<li>Pour le bon d\u00e9roulement de votre s\u00e9jour nous vous invitons \u00e0 prendre connaissance des conditions g\u00e9n\u00e9rales.<\/li>\n<\/ul>\n","protected":false},"excerpt":{"rendered":"<p>Scoot&rsquo;Nomad est bien plus qu&rsquo;un simpleloueur de Scooters ELECTRIQUES&nbsp; en Moselle (06.99.93.29.81)c&rsquo;est surtout : &#8230; \u00e0 partir de 40\u20ac. Vous retrouverez les sensations de libert\u00e9 que nos grands-parents ont connu dans les ann\u00e9es 50 ou nos parents dans les sixties gr\u00e2ce au 2 roues et au scooter en particulier.Le plaisir d\u2019une balade en \u00ab MOB\u00bb&hellip;&nbsp;<a href=\"https:\/\/scootnomad.fr\/\" class=\"\" rel=\"bookmark\">Lire la suite &raquo;<span class=\"screen-reader-text\">ScootNomad<\/span><\/a><\/p>\n","protected":false},"author":2,"featured_media":0,"parent":0,"menu_order":0,"comment_status":"closed","ping_status":"closed","template":"","meta":{"neve_meta_sidebar":"","neve_meta_container":"","neve_meta_enable_content_width":"","neve_meta_content_width":0,"neve_meta_title_alignment":"","neve_meta_author_avatar":"","neve_post_elements_order":"","neve_meta_disable_header":"","neve_meta_disable_footer":"","neve_meta_disable_title":"","footnotes":""},"class_list":["post-8","page","type-page","status-publish","hentry"],"_links":{"self":[{"href":"https:\/\/scootnomad.fr\/index.php?rest_route=\/wp\/v2\/pages\/8","targetHints":{"allow":["GET"]}}],"collection":[{"href":"https:\/\/scootnomad.fr\/index.php?rest_route=\/wp\/v2\/pages"}],"about":[{"href":"https:\/\/scootnomad.fr\/index.php?rest_route=\/wp\/v2\/types\/page"}],"author":[{"embeddable":true,"href":"https:\/\/scootnomad.fr\/index.php?rest_route=\/wp\/v2\/users\/2"}],"replies":[{"embeddable":true,"href":"https:\/\/scootnomad.fr\/index.php?rest_route=%2Fwp%2Fv2%2Fcomments&post=8"}],"version-history":[{"count":30,"href":"https:\/\/scootnomad.fr\/index.php?rest_route=\/wp\/v2\/pages\/8\/revisions"}],"predecessor-version":[{"id":205,"href":"https:\/\/scootnomad.fr\/index.php?rest_route=\/wp\/v2\/pages\/8\/revisions\/205"}],"wp:attachment":[{"href":"https:\/\/scootnomad.fr\/index.php?rest_route=%2Fwp%2Fv2%2Fmedia&parent=8"}],"curies":[{"name":"wp","href":"https:\/\/api.w.org\/{rel}","templated":true}]}}